{"id":240,"date":"2025-02-12T14:42:04","date_gmt":"2025-02-12T14:42:04","guid":{"rendered":"https:\/\/silesius.com\/?page_id=240"},"modified":"2025-02-12T14:42:37","modified_gmt":"2025-02-12T14:42:37","slug":"industrielle-teile-und-zubehoer","status":"publish","type":"page","link":"https:\/\/silesius.com\/de\/industrielle-teile-und-zubehoer\/","title":{"rendered":"Industrielle Teile und Zubeh\u00f6r"},"content":{"rendered":"<p>Silesius entwickelt sein Portfolio st\u00e4ndig weiter und bietet moderne L\u00f6sungen in verschiedenen Bereichen und Dienstleistungen auf h\u00f6chstem Niveau.<\/p>\n<p>Neben den Produkten unserer Eigenmarke bieten wir auch Kaufteile namhafter Unternehmen an, mit denen wir Vertriebsvereinbarungen geschlossen haben.<\/p>\n<p>Insbesondere empfehlen wir: LED-Module und spezielle Lampen, Elektromotoren mit Zubeh\u00f6r, Getriebe, Komponenten, elektrische Schalter f\u00fcr den Industriesektor und Produkte f\u00fcr die Ausstattung moderner Werkst\u00e4tten, Montagewerke und Produktionszellen.<\/p>\n<p>Wir laden Sie zur Mitarbeit ein und machen Sie sich mit unserem neuesten Katalog vertraut.<\/p>\n","protected":false},"excerpt":{"rendered":"<p>Silesius entwickelt sein Portfolio st\u00e4ndig weiter und bietet moderne L\u00f6sungen in verschiedenen Bereichen und Dienstleistungen auf h\u00f6chstem Niveau. Neben den Produkten unserer Eigenmarke bieten wir auch Kaufteile namhafter Unternehmen an, mit denen wir Vertriebsvereinbarungen geschlossen haben. Insbesondere empfehlen wir: LED-Module und spezielle Lampen, Elektromotoren mit Zubeh\u00f6r, Getriebe, Komponenten, elektrische Schalter f\u00fcr den Industriesektor und Produkte [&hellip;]<\/p>\n","protected":false},"author":1,"featured_media":0,"parent":0,"menu_order":0,"comment_status":"closed","ping_status":"closed","template":"","meta":{"_acf_changed":false,"footnotes":""},"class_list":["post-240","page","type-page","status-publish","hentry"],"acf":[],"_links":{"self":[{"href":"https:\/\/silesius.com\/de\/wp-json\/wp\/v2\/pages\/240","targetHints":{"allow":["GET"]}}],"collection":[{"href":"https:\/\/silesius.com\/de\/wp-json\/wp\/v2\/pages"}],"about":[{"href":"https:\/\/silesius.com\/de\/wp-json\/wp\/v2\/types\/page"}],"author":[{"embeddable":true,"href":"https:\/\/silesius.com\/de\/wp-json\/wp\/v2\/users\/1"}],"replies":[{"embeddable":true,"href":"https:\/\/silesius.com\/de\/wp-json\/wp\/v2\/comments?post=240"}],"version-history":[{"count":2,"href":"https:\/\/silesius.com\/de\/wp-json\/wp\/v2\/pages\/240\/revisions"}],"predecessor-version":[{"id":242,"href":"https:\/\/silesius.com\/de\/wp-json\/wp\/v2\/pages\/240\/revisions\/242"}],"wp:attachment":[{"href":"https:\/\/silesius.com\/de\/wp-json\/wp\/v2\/media?parent=240"}],"curies":[{"name":"wp","href":"https:\/\/api.w.org\/{rel}","templated":true}]}}