{"id":28,"date":"2019-05-29T10:44:07","date_gmt":"2019-05-29T10:44:07","guid":{"rendered":"http:\/\/silesius.relacje.hostingasp.pl\/?page_id=28"},"modified":"2019-05-29T10:44:07","modified_gmt":"2019-05-29T10:44:07","slug":"oberflaechenbehandlung","status":"publish","type":"page","link":"https:\/\/silesius.com\/de\/oberflaechenbehandlung\/","title":{"rendered":"Oberfl\u00e4chenbehandlung"},"content":{"rendered":"<p>Jede Anwendung stellt unterschiedliche Anforderungen in Hinblick auf Verschlei\u00df-, Korrosions- und Alterungsschutz der Werkst\u00fcck-Oberfl\u00e4chen. Durch unser Netzwerk von kompetenten Oberfl\u00e4chenspezialisten bieten wir Ihnen ein gro\u00dfes Spektrum an Veredlungsverfahren \u2013 abgestimmt auf Ihren Einsatzzweck.<\/p>\n<p>Unser Angebot reicht vom Eloxieren oder Hartcoatieren von Aluminiumbauteilen, Pulverbeschichten von Blech- und Stahlkonstruktionen \u00fcber Glasperlenstrahlen oder Schleifen von Edelstahloberfl\u00e4chen bis zum Verzinken oder H\u00e4rten von Stahlbauteilen.<\/p>\n","protected":false},"excerpt":{"rendered":"<p>Jede Anwendung stellt unterschiedliche Anforderungen in Hinblick auf Verschlei\u00df-, Korrosions- und Alterungsschutz der Werkst\u00fcck-Oberfl\u00e4chen. Durch unser Netzwerk von kompetenten Oberfl\u00e4chenspezialisten bieten wir Ihnen ein gro\u00dfes Spektrum an Veredlungsverfahren \u2013 abgestimmt auf Ihren Einsatzzweck. Unser Angebot reicht vom Eloxieren oder Hartcoatieren von Aluminiumbauteilen, Pulverbeschichten von Blech- und Stahlkonstruktionen \u00fcber Glasperlenstrahlen oder Schleifen von Edelstahloberfl\u00e4chen bis zum [&hellip;]<\/p>\n","protected":false},"author":1,"featured_media":0,"parent":0,"menu_order":0,"comment_status":"closed","ping_status":"closed","template":"","meta":{"_acf_changed":false,"footnotes":""},"class_list":["post-28","page","type-page","status-publish","hentry"],"acf":[],"_links":{"self":[{"href":"https:\/\/silesius.com\/de\/wp-json\/wp\/v2\/pages\/28","targetHints":{"allow":["GET"]}}],"collection":[{"href":"https:\/\/silesius.com\/de\/wp-json\/wp\/v2\/pages"}],"about":[{"href":"https:\/\/silesius.com\/de\/wp-json\/wp\/v2\/types\/page"}],"author":[{"embeddable":true,"href":"https:\/\/silesius.com\/de\/wp-json\/wp\/v2\/users\/1"}],"replies":[{"embeddable":true,"href":"https:\/\/silesius.com\/de\/wp-json\/wp\/v2\/comments?post=28"}],"version-history":[{"count":1,"href":"https:\/\/silesius.com\/de\/wp-json\/wp\/v2\/pages\/28\/revisions"}],"predecessor-version":[{"id":29,"href":"https:\/\/silesius.com\/de\/wp-json\/wp\/v2\/pages\/28\/revisions\/29"}],"wp:attachment":[{"href":"https:\/\/silesius.com\/de\/wp-json\/wp\/v2\/media?parent=28"}],"curies":[{"name":"wp","href":"https:\/\/api.w.org\/{rel}","templated":true}]}}