{"id":40,"date":"2019-05-29T10:52:54","date_gmt":"2019-05-29T10:52:54","guid":{"rendered":"http:\/\/silesius.relacje.hostingasp.pl\/?page_id=40"},"modified":"2019-06-02T13:44:48","modified_gmt":"2019-06-02T13:44:48","slug":"montage","status":"publish","type":"page","link":"https:\/\/silesius.com\/de\/montage\/","title":{"rendered":"Montage"},"content":{"rendered":"<p>Einfache manuelle Montagedienstleistungen, Montagen mithilfe von Vorrichtungen oder Elektromontage mit Funktionspr\u00fcfung &#8211; Silesius deckt die gesamte Bandbreite ab.<\/p>\n<p>Je nach Anforderung und Losgr\u00f6\u00dfe konzipieren wir effiziente Abl\u00e4ufe, um ein optimales Preis-Leistungs-Verh\u00e4ltnis f\u00fcr Ihren Montageauftrag anbieten zu k\u00f6nnen.<\/p>\n<p>Beste Qualit\u00e4t bei kurzen Durchlaufzeiten ist unser Anspruch \u2013 daran lassen wir uns gerne messen!<\/p>\n","protected":false},"excerpt":{"rendered":"<p>Einfache manuelle Montagedienstleistungen, Montagen mithilfe von Vorrichtungen oder Elektromontage mit Funktionspr\u00fcfung &#8211; Silesius deckt die gesamte Bandbreite ab. Je nach Anforderung und Losgr\u00f6\u00dfe konzipieren wir effiziente Abl\u00e4ufe, um ein optimales Preis-Leistungs-Verh\u00e4ltnis f\u00fcr Ihren Montageauftrag anbieten zu k\u00f6nnen. Beste Qualit\u00e4t bei kurzen Durchlaufzeiten ist unser Anspruch \u2013 daran lassen wir uns gerne messen!<\/p>\n","protected":false},"author":1,"featured_media":0,"parent":0,"menu_order":0,"comment_status":"closed","ping_status":"closed","template":"","meta":{"_acf_changed":false,"footnotes":""},"class_list":["post-40","page","type-page","status-publish","hentry"],"acf":[],"_links":{"self":[{"href":"https:\/\/silesius.com\/de\/wp-json\/wp\/v2\/pages\/40","targetHints":{"allow":["GET"]}}],"collection":[{"href":"https:\/\/silesius.com\/de\/wp-json\/wp\/v2\/pages"}],"about":[{"href":"https:\/\/silesius.com\/de\/wp-json\/wp\/v2\/types\/page"}],"author":[{"embeddable":true,"href":"https:\/\/silesius.com\/de\/wp-json\/wp\/v2\/users\/1"}],"replies":[{"embeddable":true,"href":"https:\/\/silesius.com\/de\/wp-json\/wp\/v2\/comments?post=40"}],"version-history":[{"count":2,"href":"https:\/\/silesius.com\/de\/wp-json\/wp\/v2\/pages\/40\/revisions"}],"predecessor-version":[{"id":54,"href":"https:\/\/silesius.com\/de\/wp-json\/wp\/v2\/pages\/40\/revisions\/54"}],"wp:attachment":[{"href":"https:\/\/silesius.com\/de\/wp-json\/wp\/v2\/media?parent=40"}],"curies":[{"name":"wp","href":"https:\/\/api.w.org\/{rel}","templated":true}]}}