{"id":20,"date":"2019-05-29T10:40:47","date_gmt":"2019-05-29T10:40:47","guid":{"rendered":"http:\/\/silesius.relacje.hostingasp.pl\/?page_id=20"},"modified":"2019-06-02T13:47:36","modified_gmt":"2019-06-02T13:47:36","slug":"konstrukcje-spawane","status":"publish","type":"page","link":"https:\/\/silesius.com\/pl\/konstrukcje-spawane\/","title":{"rendered":"Konstrukcje spawane"},"content":{"rendered":"<p>Jedn\u0105 z naszych podstawowych kompetencji jest spawanie wszystkimi popularnymi metodami: od po\u0142\u0105cze\u0144 cz\u0119\u015bci blaszanych lub spawania ma\u0142ych gwintowanych ko\u0142k\u00f3w po produkcj\u0119 zbiornika ci\u015bnieniowego lub z\u0142o\u017conych konstrukcji spawanych, oferta jest szeroka.<\/p>\n<p>Najnowocze\u015bniejsza technologia spawania w po\u0142\u0105czeniu z wieloletnim do\u015bwiadczeniem i zastosowaniem profesjonalnego osprz\u0119tu s\u0105 podstaw\u0105 najlepszych mo\u017cliwych wynik\u00f3w spawania przy u\u017cyciu r\u00f3\u017cnych materia\u0142\u00f3w.<\/p>\n<p>Prace spawalnicze s\u0105 wykonywane przez certyfikowane specjalistyczne firmy. Na \u017cyczenie jako\u015b\u0107 jest kontrolowana przez testy i dokumentowana.<\/p>\n","protected":false},"excerpt":{"rendered":"<p>Jedn\u0105 z naszych podstawowych kompetencji jest spawanie wszystkimi popularnymi metodami: od po\u0142\u0105cze\u0144 cz\u0119\u015bci blaszanych lub spawania ma\u0142ych gwintowanych ko\u0142k\u00f3w po produkcj\u0119 zbiornika ci\u015bnieniowego lub z\u0142o\u017conych konstrukcji spawanych, oferta jest szeroka. Najnowocze\u015bniejsza technologia spawania w po\u0142\u0105czeniu z wieloletnim do\u015bwiadczeniem i zastosowaniem profesjonalnego osprz\u0119tu s\u0105 podstaw\u0105 najlepszych mo\u017cliwych wynik\u00f3w spawania przy u\u017cyciu r\u00f3\u017cnych materia\u0142\u00f3w. Prace spawalnicze s\u0105 [&hellip;]<\/p>\n","protected":false},"author":1,"featured_media":0,"parent":0,"menu_order":0,"comment_status":"closed","ping_status":"closed","template":"","meta":{"_acf_changed":false,"footnotes":""},"class_list":["post-20","page","type-page","status-publish","hentry"],"acf":[],"_links":{"self":[{"href":"https:\/\/silesius.com\/pl\/wp-json\/wp\/v2\/pages\/20","targetHints":{"allow":["GET"]}}],"collection":[{"href":"https:\/\/silesius.com\/pl\/wp-json\/wp\/v2\/pages"}],"about":[{"href":"https:\/\/silesius.com\/pl\/wp-json\/wp\/v2\/types\/page"}],"author":[{"embeddable":true,"href":"https:\/\/silesius.com\/pl\/wp-json\/wp\/v2\/users\/1"}],"replies":[{"embeddable":true,"href":"https:\/\/silesius.com\/pl\/wp-json\/wp\/v2\/comments?post=20"}],"version-history":[{"count":2,"href":"https:\/\/silesius.com\/pl\/wp-json\/wp\/v2\/pages\/20\/revisions"}],"predecessor-version":[{"id":58,"href":"https:\/\/silesius.com\/pl\/wp-json\/wp\/v2\/pages\/20\/revisions\/58"}],"wp:attachment":[{"href":"https:\/\/silesius.com\/pl\/wp-json\/wp\/v2\/media?parent=20"}],"curies":[{"name":"wp","href":"https:\/\/api.w.org\/{rel}","templated":true}]}}