{"id":212,"date":"2023-07-28T13:19:35","date_gmt":"2023-07-28T13:19:35","guid":{"rendered":"https:\/\/silesius.com\/?page_id=212"},"modified":"2023-07-28T13:25:28","modified_gmt":"2023-07-28T13:25:28","slug":"obrobka-przewodow-i-wiazek-elektrycznych","status":"publish","type":"page","link":"https:\/\/silesius.com\/pl\/obrobka-przewodow-i-wiazek-elektrycznych\/","title":{"rendered":"Obr\u00f3bka przewod\u00f3w i wi\u0105zek elektrycznych"},"content":{"rendered":"<p>W ramach swojej dzia\u0142alno\u015bci firma Silesius oferuje wyka\u0144czanie i przygotowywanie wi\u0105zek elektrycznych.<\/p>\n","protected":false},"excerpt":{"rendered":"<p>W ramach swojej dzia\u0142alno\u015bci firma Silesius oferuje wyka\u0144czanie i przygotowywanie wi\u0105zek elektrycznych.<\/p>\n","protected":false},"author":1,"featured_media":0,"parent":0,"menu_order":0,"comment_status":"closed","ping_status":"closed","template":"","meta":{"_acf_changed":false,"footnotes":""},"class_list":["post-212","page","type-page","status-publish","hentry"],"acf":[],"_links":{"self":[{"href":"https:\/\/silesius.com\/pl\/wp-json\/wp\/v2\/pages\/212","targetHints":{"allow":["GET"]}}],"collection":[{"href":"https:\/\/silesius.com\/pl\/wp-json\/wp\/v2\/pages"}],"about":[{"href":"https:\/\/silesius.com\/pl\/wp-json\/wp\/v2\/types\/page"}],"author":[{"embeddable":true,"href":"https:\/\/silesius.com\/pl\/wp-json\/wp\/v2\/users\/1"}],"replies":[{"embeddable":true,"href":"https:\/\/silesius.com\/pl\/wp-json\/wp\/v2\/comments?post=212"}],"version-history":[{"count":2,"href":"https:\/\/silesius.com\/pl\/wp-json\/wp\/v2\/pages\/212\/revisions"}],"predecessor-version":[{"id":215,"href":"https:\/\/silesius.com\/pl\/wp-json\/wp\/v2\/pages\/212\/revisions\/215"}],"wp:attachment":[{"href":"https:\/\/silesius.com\/pl\/wp-json\/wp\/v2\/media?parent=212"}],"curies":[{"name":"wp","href":"https:\/\/api.w.org\/{rel}","templated":true}]}}