{"id":8,"date":"2019-05-29T10:37:06","date_gmt":"2019-05-29T10:37:06","guid":{"rendered":"http:\/\/silesius.relacje.hostingasp.pl\/?page_id=8"},"modified":"2019-05-29T10:37:06","modified_gmt":"2019-05-29T10:37:06","slug":"toczenie-i-frezowanie","status":"publish","type":"page","link":"https:\/\/silesius.com\/pl\/toczenie-i-frezowanie\/","title":{"rendered":"Toczenie i frezowanie"},"content":{"rendered":"<p>Cz\u0119\u015bci toczone i frezowane s\u0105 wykorzystywane w r\u00f3\u017cnych zastosowaniach, zar\u00f3wno jako precyzyjny element o krytycznym znaczeniu czasowym dla specjalnej konstrukcji maszyn, jak i jako wra\u017cliwy cenowo masowy produkt w du\u017cych ilo\u015bciach. Wsp\u00f3lnie z naszymi partnerami produkcyjnymi tworzymy sie\u0107 kompetencyjn\u0105 do kontraktowej produkcji cz\u0119\u015bci zgodnie z rysunkami ze wszystkich popularnych materia\u0142\u00f3w, aby spe\u0142ni\u0107 te wymagania wydajnie i niezawodnie.<\/p>\n<p>Nowoczesne tokarki CNC, centra tokarskie i frezarskie, 3-osiowe i 5-osiowe centra obr\u00f3bcze w po\u0142\u0105czeniu z do\u015bwiadczonymi specjalistami tworz\u0105 szkielet produkcji i zapewniaj\u0105 wyrafinowany wynik produkcji.<\/p>\n","protected":false},"excerpt":{"rendered":"<p>Cz\u0119\u015bci toczone i frezowane s\u0105 wykorzystywane w r\u00f3\u017cnych zastosowaniach, zar\u00f3wno jako precyzyjny element o krytycznym znaczeniu czasowym dla specjalnej konstrukcji maszyn, jak i jako wra\u017cliwy cenowo masowy produkt w du\u017cych ilo\u015bciach. Wsp\u00f3lnie z naszymi partnerami produkcyjnymi tworzymy sie\u0107 kompetencyjn\u0105 do kontraktowej produkcji cz\u0119\u015bci zgodnie z rysunkami ze wszystkich popularnych materia\u0142\u00f3w, aby spe\u0142ni\u0107 te wymagania wydajnie [&hellip;]<\/p>\n","protected":false},"author":1,"featured_media":0,"parent":0,"menu_order":0,"comment_status":"closed","ping_status":"closed","template":"","meta":{"_acf_changed":false,"footnotes":""},"class_list":["post-8","page","type-page","status-publish","hentry"],"acf":[],"_links":{"self":[{"href":"https:\/\/silesius.com\/pl\/wp-json\/wp\/v2\/pages\/8","targetHints":{"allow":["GET"]}}],"collection":[{"href":"https:\/\/silesius.com\/pl\/wp-json\/wp\/v2\/pages"}],"about":[{"href":"https:\/\/silesius.com\/pl\/wp-json\/wp\/v2\/types\/page"}],"author":[{"embeddable":true,"href":"https:\/\/silesius.com\/pl\/wp-json\/wp\/v2\/users\/1"}],"replies":[{"embeddable":true,"href":"https:\/\/silesius.com\/pl\/wp-json\/wp\/v2\/comments?post=8"}],"version-history":[{"count":1,"href":"https:\/\/silesius.com\/pl\/wp-json\/wp\/v2\/pages\/8\/revisions"}],"predecessor-version":[{"id":9,"href":"https:\/\/silesius.com\/pl\/wp-json\/wp\/v2\/pages\/8\/revisions\/9"}],"wp:attachment":[{"href":"https:\/\/silesius.com\/pl\/wp-json\/wp\/v2\/media?parent=8"}],"curies":[{"name":"wp","href":"https:\/\/api.w.org\/{rel}","templated":true}]}}